{"id":43,"date":"2018-01-07T17:56:29","date_gmt":"2018-01-07T17:56:29","guid":{"rendered":"https:\/\/jugendzursonne.de\/?page_id=43"},"modified":"2018-03-10T21:41:10","modified_gmt":"2018-03-10T21:41:10","slug":"wir-ueber-uns","status":"publish","type":"page","link":"https:\/\/jugendzursonne.de\/?page_id=43","title":{"rendered":"Wir \u00fcber uns"},"content":{"rendered":"<hr \/>\n<p>Das Gr\u00fcnderehepaar Alexander und Nadja Stoll war \u00fcber Jahre hinweg in der interkulturellen Kinder- und Jugendarbeit und in der Jugendhilfe t\u00e4tig. Au\u00dferdem f\u00fchrten sie \u00fcber mehrere Jahre eine Erziehungsstelle. Nachdem Alexander Stoll weitere Erfahrungen als Heimleiter sammelte, gr\u00fcndet er nun eine eigene Jugendhilfeeinrichtung im denkmalgesch\u00fctzten ehemaligen Gast-Haus &#8222;Zur goldenen Sonne\u201d in Villingen- Schwenningen-Tannheim. Sowohl Einheimischen als auch Kinder und Jugendlichen mit Migrationshintergrund soll eine kurz- oder l\u00e4ngerfristige Heimat angeboten werden. Viele Kinder und Jugendliche erleben, dass sie nicht ohne Hilfe in den bestehenden Systemen (Schule, bisheriges Elternhaus oder unklare Lebenssituation) zurechtkommen. Doch oftmals schlummern in ihnen verborgene Talente und Ressourcen, mit denen sie mehr und mehr ihr pers\u00f6nliches Leben in den Griff bekommen und ein erf\u00fclltes Leben in der sozialen Gemeinschaft f\u00fchren k\u00f6nnen. Die dazu n\u00f6tige Begleitung, Konfliktkl\u00e4rung und F\u00f6rderung m\u00f6chte die Jugendhilfeeinrichtung &#8222;Zur goldenen Sonne&#8220; leisten<\/p>\n<hr \/>\n<p>&nbsp;<\/p>\n","protected":false},"excerpt":{"rendered":"<p>Das Gr\u00fcnderehepaar Alexander und Nadja Stoll war \u00fcber Jahre hinweg in der interkulturellen Kinder- und Jugendarbeit und in der Jugendhilfe t\u00e4tig. Au\u00dferdem f\u00fchrten sie \u00fcber mehrere Jahre eine Erziehungsstelle. Nachdem Alexander Stoll weitere Erfahrungen als Heimleiter sammelte, gr\u00fcndet er nun eine eigene Jugendhilfeeinrichtung im denkmalgesch\u00fctzten ehemaligen Gast-Haus &#8222;Zur goldenen Sonne\u201d in Villingen- Schwenningen-Tannheim. Sowohl Einheimischen <a class=\"more-link\" href=\"https:\/\/jugendzursonne.de\/?page_id=43\">weiterlesen&#8230;<\/a><\/p>\n","protected":false},"author":1,"featured_media":0,"parent":0,"menu_order":0,"comment_status":"closed","ping_status":"closed","template":"","meta":{"footnotes":""},"class_list":["post-43","page","type-page","status-publish","hentry"],"_links":{"self":[{"href":"https:\/\/jugendzursonne.de\/index.php?rest_route=\/wp\/v2\/pages\/43","targetHints":{"allow":["GET"]}}],"collection":[{"href":"https:\/\/jugendzursonne.de\/index.php?rest_route=\/wp\/v2\/pages"}],"about":[{"href":"https:\/\/jugendzursonne.de\/index.php?rest_route=\/wp\/v2\/types\/page"}],"author":[{"embeddable":true,"href":"https:\/\/jugendzursonne.de\/index.php?rest_route=\/wp\/v2\/users\/1"}],"replies":[{"embeddable":true,"href":"https:\/\/jugendzursonne.de\/index.php?rest_route=%2Fwp%2Fv2%2Fcomments&post=43"}],"version-history":[{"count":2,"href":"https:\/\/jugendzursonne.de\/index.php?rest_route=\/wp\/v2\/pages\/43\/revisions"}],"predecessor-version":[{"id":75,"href":"https:\/\/jugendzursonne.de\/index.php?rest_route=\/wp\/v2\/pages\/43\/revisions\/75"}],"wp:attachment":[{"href":"https:\/\/jugendzursonne.de\/index.php?rest_route=%2Fwp%2Fv2%2Fmedia&parent=43"}],"curies":[{"name":"wp","href":"https:\/\/api.w.org\/{rel}","templated":true}]}}