{"id":41,"date":"2018-01-07T17:56:01","date_gmt":"2018-01-07T17:56:01","guid":{"rendered":"https:\/\/jugendzursonne.de\/?page_id=41"},"modified":"2018-07-07T11:56:54","modified_gmt":"2018-07-07T11:56:54","slug":"unser-angebot","status":"publish","type":"page","link":"https:\/\/jugendzursonne.de\/?page_id=41","title":{"rendered":"Unser Angebot"},"content":{"rendered":"<hr \/>\n<p>In unserer familienorientierten Wohngruppe werden nach \u00a727 i.V. mit \u00a734 und nach \u00a741 SGBVIII Jungs und M\u00e4dchen von 6 Jahren aufgenommen.<\/p>\n<hr \/>\n<p>Wir bieten den Kinder- und Jugendlichen ein renoviertes Gasthaus mit 470 qm Wohnfl\u00e4che zur Verf\u00fcgung.<\/p>\n<p>&#8211; Rund-um-die-Uhr-Betreuung<\/p>\n<p>&#8211; Schulische Begleitung und F\u00f6rderung<\/p>\n<p>&#8211; ger\u00e4umige und helle Wohnr\u00e4ume<\/p>\n<p>&#8211; eine gut ausgestattete Teek\u00fcche,<\/p>\n<p>&#8211; Aufenthaltsraum mit PC und anderen Medien ausgestattet<\/p>\n<p>&#8211; Waschraum (Waschmaschine und Trockner)<\/p>\n<p>&#8211; Gro\u00dfe, ger\u00e4umige K\u00fcche<\/p>\n<p>&#8211; Wohnraum mit Essbereich, TV und Spiele<\/p>\n<p>&#8211; Fahrrad-Werkstatt<\/p>\n<p>&#8211; Gro\u00dfz\u00fcgige Au\u00dfenanlage<\/p>\n<p>&#8211; Erlebnisp\u00e4dagogische Projekten<\/p>\n<p>&#8211; Gemeinsame Freizeitaktivit\u00e4ten au\u00dferhalb des Hauses<\/p>\n<p>&#8211; Ausfl\u00fcge und Ferienangebote<\/p>\n<p>&nbsp;<\/p>\n","protected":false},"excerpt":{"rendered":"<p>In unserer familienorientierten Wohngruppe werden nach \u00a727 i.V. mit \u00a734 und nach \u00a741 SGBVIII Jungs und M\u00e4dchen von 6 Jahren aufgenommen. Wir bieten den Kinder- und Jugendlichen ein renoviertes Gasthaus mit 470 qm Wohnfl\u00e4che zur Verf\u00fcgung. &#8211; Rund-um-die-Uhr-Betreuung &#8211; Schulische Begleitung und F\u00f6rderung &#8211; ger\u00e4umige und helle Wohnr\u00e4ume &#8211; eine gut ausgestattete Teek\u00fcche, &#8211; Aufenthaltsraum <a class=\"more-link\" href=\"https:\/\/jugendzursonne.de\/?page_id=41\">weiterlesen&#8230;<\/a><\/p>\n","protected":false},"author":1,"featured_media":0,"parent":0,"menu_order":0,"comment_status":"closed","ping_status":"closed","template":"","meta":{"footnotes":""},"class_list":["post-41","page","type-page","status-publish","hentry"],"_links":{"self":[{"href":"https:\/\/jugendzursonne.de\/index.php?rest_route=\/wp\/v2\/pages\/41","targetHints":{"allow":["GET"]}}],"collection":[{"href":"https:\/\/jugendzursonne.de\/index.php?rest_route=\/wp\/v2\/pages"}],"about":[{"href":"https:\/\/jugendzursonne.de\/index.php?rest_route=\/wp\/v2\/types\/page"}],"author":[{"embeddable":true,"href":"https:\/\/jugendzursonne.de\/index.php?rest_route=\/wp\/v2\/users\/1"}],"replies":[{"embeddable":true,"href":"https:\/\/jugendzursonne.de\/index.php?rest_route=%2Fwp%2Fv2%2Fcomments&post=41"}],"version-history":[{"count":4,"href":"https:\/\/jugendzursonne.de\/index.php?rest_route=\/wp\/v2\/pages\/41\/revisions"}],"predecessor-version":[{"id":131,"href":"https:\/\/jugendzursonne.de\/index.php?rest_route=\/wp\/v2\/pages\/41\/revisions\/131"}],"wp:attachment":[{"href":"https:\/\/jugendzursonne.de\/index.php?rest_route=%2Fwp%2Fv2%2Fmedia&parent=41"}],"curies":[{"name":"wp","href":"https:\/\/api.w.org\/{rel}","templated":true}]}}