{"id":25,"date":"2018-01-07T17:47:28","date_gmt":"2018-01-07T17:47:28","guid":{"rendered":"https:\/\/jugendzursonne.de\/?page_id=25"},"modified":"2018-03-10T21:19:25","modified_gmt":"2018-03-10T21:19:25","slug":"leitbild","status":"publish","type":"page","link":"https:\/\/jugendzursonne.de\/?page_id=25","title":{"rendered":"Leitbild"},"content":{"rendered":"<hr \/>\n<p><strong>Folgende Leits\u00e4tze sind die Grundlage unserer Arbeit:<\/strong><\/p>\n<hr \/>\n<ol>\n<li>Als soziales und gemeinn\u00fctziges Dienstleistungsunternehmen sind wir f\u00fcr Kinder und Jugendliche da. Wir wollen junge Menschen st\u00e4rken, sodass sie ihr Leben selbstst\u00e4ndig in die Hand nehmen k\u00f6nnen und Selbst\u00e4ndigkeit f\u00fcr ein Leben au\u00dferhalb der Einrichtung erlernen.<\/li>\n<li>Durch unsere p\u00e4dagogische Arbeit wollen wir einen Beitrag zur Verbesserung der Entwicklungsm\u00f6glichkeiten und der Lebensqualit\u00e4t von Kindern und Jugendlichen leisten.<\/li>\n<li>Wir tragen dazu bei, dass sie Gemeinschaft als positiv erleben k\u00f6nnen.<\/li>\n<li>Wir schaffen einen seelischen Ausgleich f\u00fcr traumatisierte oder anderweitig belastete Kinder und Jugendliche durch Erlebnis- und Gruppenp\u00e4dagogik, Naturerfahrungen, qualifizierte Fachdienste und systematische Einbeziehung aller Bezugspersonen sowie einem ausreichenden pers\u00f6nlichen R\u00fcckzugsraum.<\/li>\n<li>Wir sorgen daf\u00fcr, dass die Kinder und Jugendliche \u00fcberschaubare und altersentsprechende Verantwortung f\u00fcr sich selbst \u00fcbernehmen lernen, z. B. durch Ordnung halten im eigenen Zimmer.<\/li>\n<li>Werte f\u00fcr das Zusammenleben werden mit einfachen klaren Regeln vermittelt, deren Einhaltung auch eingefordert wird.<\/li>\n<li>Wir sind Partner und Ansprechpartner f\u00fcr alle, die sich um die Erziehung und Ausbildung der Kinder und Jugendlichen k\u00fcmmern.<\/li>\n<\/ol>\n<hr \/>\n<ol>\n<li>Wir binden das Umfeld (Familie, Schule, Lehrstelle, etc.) der Kinder und Jugendlichen in unsere Arbeit mit ein und ebenso auch das gesamte soziale Netzwerk (z.B. Vereine, Jugendtherapeuten) und unterst\u00fctzen die soziale Integration in das kulturelle Leben in der Umgebung (Sportvereine, kirchliche Angebote, Kinder- und Jugendgruppen etc. am Ort).<\/li>\n<li>Wir helfen Kinder und Jugendlichen durch vielf\u00e4ltige Angebote sich selbst und die eigenen F\u00e4higkeiten kennenzulernen und bieten Unterst\u00fctzung beim Finden und Realisieren des eigenen Berufswunsches<\/li>\n<\/ol>\n<p>&nbsp;<\/p>\n","protected":false},"excerpt":{"rendered":"<p>Folgende Leits\u00e4tze sind die Grundlage unserer Arbeit: Als soziales und gemeinn\u00fctziges Dienstleistungsunternehmen sind wir f\u00fcr Kinder und Jugendliche da. Wir wollen junge Menschen st\u00e4rken, sodass sie ihr Leben selbstst\u00e4ndig in die Hand nehmen k\u00f6nnen und Selbst\u00e4ndigkeit f\u00fcr ein Leben au\u00dferhalb der Einrichtung erlernen. Durch unsere p\u00e4dagogische Arbeit wollen wir einen Beitrag zur Verbesserung der Entwicklungsm\u00f6glichkeiten <a class=\"more-link\" href=\"https:\/\/jugendzursonne.de\/?page_id=25\">weiterlesen&#8230;<\/a><\/p>\n","protected":false},"author":1,"featured_media":0,"parent":0,"menu_order":0,"comment_status":"closed","ping_status":"closed","template":"","meta":{"footnotes":""},"class_list":["post-25","page","type-page","status-publish","hentry"],"_links":{"self":[{"href":"https:\/\/jugendzursonne.de\/index.php?rest_route=\/wp\/v2\/pages\/25","targetHints":{"allow":["GET"]}}],"collection":[{"href":"https:\/\/jugendzursonne.de\/index.php?rest_route=\/wp\/v2\/pages"}],"about":[{"href":"https:\/\/jugendzursonne.de\/index.php?rest_route=\/wp\/v2\/types\/page"}],"author":[{"embeddable":true,"href":"https:\/\/jugendzursonne.de\/index.php?rest_route=\/wp\/v2\/users\/1"}],"replies":[{"embeddable":true,"href":"https:\/\/jugendzursonne.de\/index.php?rest_route=%2Fwp%2Fv2%2Fcomments&post=25"}],"version-history":[{"count":3,"href":"https:\/\/jugendzursonne.de\/index.php?rest_route=\/wp\/v2\/pages\/25\/revisions"}],"predecessor-version":[{"id":70,"href":"https:\/\/jugendzursonne.de\/index.php?rest_route=\/wp\/v2\/pages\/25\/revisions\/70"}],"wp:attachment":[{"href":"https:\/\/jugendzursonne.de\/index.php?rest_route=%2Fwp%2Fv2%2Fmedia&parent=25"}],"curies":[{"name":"wp","href":"https:\/\/api.w.org\/{rel}","templated":true}]}}