{"id":23,"date":"2018-01-07T17:45:48","date_gmt":"2018-01-07T17:45:48","guid":{"rendered":"https:\/\/jugendzursonne.de\/?page_id=23"},"modified":"2018-03-10T21:17:58","modified_gmt":"2018-03-10T21:17:58","slug":"leistungen-des-traegers","status":"publish","type":"page","link":"https:\/\/jugendzursonne.de\/?page_id=23","title":{"rendered":"Leistungen des Tr\u00e4gers"},"content":{"rendered":"<hr \/>\n<p><strong>Personal<\/strong><\/p>\n<ul>\n<li>Fachkr\u00e4fte mit staatlich anerkannter p\u00e4dagogischer Ausbildung.<\/li>\n<\/ul>\n<p>Qualit\u00e4tsentwicklung\/Qualit\u00e4tssicherung durch: Regelm\u00e4\u00dfige Teambesprechungen, Supervision, Fortbildungsma\u00dfnahmen, Beratung mit Fachdiensten, Einzelfallbesprechungen.<\/p>\n<ul>\n<li>Reinigungskraft<\/li>\n<li>Wirtschaftskraft<\/li>\n<\/ul>\n<hr \/>\n<p><strong>R\u00e4umliche Bedingungen <\/strong><\/p>\n<ul>\n<li>14 ger\u00e4umige R\u00e4ume im ehemaligen Gasthaus \u201eZur Goldenen Sonne\u201c<\/li>\n<li>Einzelzimmer und zwei Doppelzimmer f\u00fcr Kinder\/Jugendliche<\/li>\n<li>Ein gro\u00dfes Wohnzimmer, Hobbyr\u00e4ume, Wirtschaftsr\u00e4ume, \u201eChill\u201c-Raum, PC-Bereich, Garten, Fahrradwerkstatt, gro\u00dfer Au\u00dfenbereich f\u00fcr Freizeitaktivit\u00e4ten<\/li>\n<\/ul>\n<hr \/>\n<p><strong>Elternarbeit <\/strong><\/p>\n<ul>\n<li>Die Eltern werden in den gesamten Hilfeprozess aktiv und kontinuierlich eingebunden<\/li>\n<li>Die M\u00f6glichkeit der R\u00fcckf\u00fchrung des Kindes in den elterlichen Haushalt wird kontinuierlich gepr\u00fcft.<\/li>\n<\/ul>\n<hr \/>\n<p><strong>Individuelle Zusatzleistungen<\/strong><\/p>\n<ul>\n<li>Im Einzelfall bieten wir zus\u00e4tzliche Leistungen nach Absprache mit dem zust\u00e4ndigen Jugendamt an, wie zum Beispiel individuelle Krisenbegleitung und individuelle Hausaufgaben-Betreuung.<\/li>\n<\/ul>\n<p>&nbsp;<\/p>\n<p>&nbsp;<\/p>\n<p>&nbsp;<\/p>\n<p>&nbsp;<\/p>\n<p>&nbsp;<\/p>\n","protected":false},"excerpt":{"rendered":"<p>Personal Fachkr\u00e4fte mit staatlich anerkannter p\u00e4dagogischer Ausbildung. Qualit\u00e4tsentwicklung\/Qualit\u00e4tssicherung durch: Regelm\u00e4\u00dfige Teambesprechungen, Supervision, Fortbildungsma\u00dfnahmen, Beratung mit Fachdiensten, Einzelfallbesprechungen. Reinigungskraft Wirtschaftskraft R\u00e4umliche Bedingungen 14 ger\u00e4umige R\u00e4ume im ehemaligen Gasthaus \u201eZur Goldenen Sonne\u201c Einzelzimmer und zwei Doppelzimmer f\u00fcr Kinder\/Jugendliche Ein gro\u00dfes Wohnzimmer, Hobbyr\u00e4ume, Wirtschaftsr\u00e4ume, \u201eChill\u201c-Raum, PC-Bereich, Garten, Fahrradwerkstatt, gro\u00dfer Au\u00dfenbereich f\u00fcr Freizeitaktivit\u00e4ten Elternarbeit Die Eltern werden in den <a class=\"more-link\" href=\"https:\/\/jugendzursonne.de\/?page_id=23\">weiterlesen&#8230;<\/a><\/p>\n","protected":false},"author":1,"featured_media":0,"parent":0,"menu_order":0,"comment_status":"closed","ping_status":"closed","template":"","meta":{"footnotes":""},"class_list":["post-23","page","type-page","status-publish","hentry"],"_links":{"self":[{"href":"https:\/\/jugendzursonne.de\/index.php?rest_route=\/wp\/v2\/pages\/23","targetHints":{"allow":["GET"]}}],"collection":[{"href":"https:\/\/jugendzursonne.de\/index.php?rest_route=\/wp\/v2\/pages"}],"about":[{"href":"https:\/\/jugendzursonne.de\/index.php?rest_route=\/wp\/v2\/types\/page"}],"author":[{"embeddable":true,"href":"https:\/\/jugendzursonne.de\/index.php?rest_route=\/wp\/v2\/users\/1"}],"replies":[{"embeddable":true,"href":"https:\/\/jugendzursonne.de\/index.php?rest_route=%2Fwp%2Fv2%2Fcomments&post=23"}],"version-history":[{"count":2,"href":"https:\/\/jugendzursonne.de\/index.php?rest_route=\/wp\/v2\/pages\/23\/revisions"}],"predecessor-version":[{"id":68,"href":"https:\/\/jugendzursonne.de\/index.php?rest_route=\/wp\/v2\/pages\/23\/revisions\/68"}],"wp:attachment":[{"href":"https:\/\/jugendzursonne.de\/index.php?rest_route=%2Fwp%2Fv2%2Fmedia&parent=23"}],"curies":[{"name":"wp","href":"https:\/\/api.w.org\/{rel}","templated":true}]}}